{"id":13050,"date":"2026-03-13T20:18:01","date_gmt":"2026-03-13T18:18:01","guid":{"rendered":"https:\/\/viviumdigitalawards.be\/a-propos-de-nous\/jury\/"},"modified":"2026-04-27T10:24:39","modified_gmt":"2026-04-27T08:24:39","slug":"jury","status":"publish","type":"page","link":"https:\/\/viviumdigitalawards.be\/fr\/a-propos-de-nous\/jury\/","title":{"rendered":"Jury"},"content":{"rendered":"\t\t<div data-elementor-type=\"wp-page\" data-elementor-id=\"13050\" class=\"elementor elementor-13050 elementor-11637\" data-elementor-post-type=\"page\">\n\t\t\t\t<div class=\"elementor-element elementor-element-45739ca e-flex e-con-boxed e-con e-parent\" data-id=\"45739ca\" data-element_type=\"container\" data-e-type=\"container\" data-settings=\"{&quot;background_background&quot;:&quot;classic&quot;}\">\n\t\t\t\t\t<div class=\"e-con-inner\">\n\t\t\t\t<div class=\"elementor-element elementor-element-28a81e7 elementor-widget elementor-widget-heading\" data-id=\"28a81e7\" data-element_type=\"widget\" data-e-type=\"widget\" data-widget_type=\"heading.default\">\n\t\t\t\t\t<h1 class=\"elementor-heading-title elementor-size-default\">Le jury<\/h1>\t\t\t\t<\/div>\n\t\t\t\t<div class=\"elementor-element elementor-element-e54a6a2 elementor-align-center elementor-widget elementor-widget-breadcrumbs\" data-id=\"e54a6a2\" data-element_type=\"widget\" data-e-type=\"widget\" data-widget_type=\"breadcrumbs.default\">\n\t\t\t\t\t<p id=\"breadcrumbs\"><span><span><a href=\"https:\/\/viviumdigitalawards.be\/fr\/\">Home<\/a><\/span><\/span><\/p>\t\t\t\t<\/div>\n\t\t\t\t<div class=\"elementor-element elementor-element-fe7aac9 elementor-widget elementor-widget-text-editor\" data-id=\"fe7aac9\" data-element_type=\"widget\" data-e-type=\"widget\" data-widget_type=\"text-editor.default\">\n\t\t\t\t\t\t\t\t\t<p>Les candidatures aux Vivium Digital Awards sont \u00e9valu\u00e9es chaque ann\u00e9e par un jury ind\u00e9pendant d\u2019experts. Ils repr\u00e9sentent les principales f\u00e9d\u00e9rations du courtage belge et apportent une large expertise sectorielle.<\/p><p>Cela garantit une \u00e9valuation pertinente, objective et reconnue par le secteur.<\/p>\t\t\t\t\t\t\t\t<\/div>\n\t\t\t\t\t<\/div>\n\t\t\t\t<\/div>\n\t\t<div class=\"elementor-element elementor-element-53922c4 e-flex e-con-boxed e-con e-parent\" data-id=\"53922c4\" data-element_type=\"container\" data-e-type=\"container\">\n\t\t\t\t\t<div class=\"e-con-inner\">\n\t\t\t\t<div class=\"elementor-element elementor-element-2e24091 elementor-widget elementor-widget-heading\" data-id=\"2e24091\" data-element_type=\"widget\" data-e-type=\"widget\" data-widget_type=\"heading.default\">\n\t\t\t\t\t<h2 class=\"elementor-heading-title elementor-size-default\">Jury 2026<\/h2>\t\t\t\t<\/div>\n\t\t<div class=\"elementor-element elementor-element-81402cb e-con-full e-flex e-con e-child\" data-id=\"81402cb\" data-element_type=\"container\" data-e-type=\"container\">\n\t\t<div class=\"elementor-element elementor-element-8015b06 e-con-full e-grid e-con e-child\" data-id=\"8015b06\" data-element_type=\"container\" data-e-type=\"container\">\n\t\t<div class=\"elementor-element elementor-element-f4faac1 e-con-full e-flex e-con e-child\" data-id=\"f4faac1\" data-element_type=\"container\" data-e-type=\"container\" data-settings=\"{&quot;background_background&quot;:&quot;classic&quot;}\">\n\t\t\t\t<div class=\"elementor-element elementor-element-61c9f65 elementor-widget elementor-widget-image\" data-id=\"61c9f65\" data-element_type=\"widget\" data-e-type=\"widget\" data-widget_type=\"image.default\">\n\t\t\t\t\t\t\t\t\t\t\t\t\t\t\t<img fetchpriority=\"high\" decoding=\"async\" width=\"300\" height=\"184\" src=\"https:\/\/viviumdigitalawards.be\/wp-content\/uploads\/2025\/09\/Raphael-Vannitsen.jpg\" class=\"attachment-full size-full wp-image-729\" alt=\"Raphae\u0308l Vannitsen\" \/>\t\t\t\t\t\t\t\t\t\t\t\t\t\t\t<\/div>\n\t\t\t\t<div class=\"elementor-element elementor-element-88dadc4 elementor-widget elementor-widget-text-editor\" data-id=\"88dadc4\" data-element_type=\"widget\" data-e-type=\"widget\" data-widget_type=\"text-editor.default\">\n\t\t\t\t\t\t\t\t\t<h3>Rapha\u00ebl Vannitsen<\/h3><p><span style=\"color: #ff9900;\">Chief Channel Officer<br \/><\/span><span style=\"color: #999999;\">Vivium<\/span><\/p>\t\t\t\t\t\t\t\t<\/div>\n\t\t\t\t<\/div>\n\t\t<div class=\"elementor-element elementor-element-5585776 e-con-full e-flex e-con e-child\" data-id=\"5585776\" data-element_type=\"container\" data-e-type=\"container\" data-settings=\"{&quot;background_background&quot;:&quot;classic&quot;}\">\n\t\t\t\t<div class=\"elementor-element elementor-element-7e90b92 elementor-widget elementor-widget-image\" data-id=\"7e90b92\" data-element_type=\"widget\" data-e-type=\"widget\" data-widget_type=\"image.default\">\n\t\t\t\t\t\t\t\t\t\t\t\t\t\t\t<img decoding=\"async\" width=\"225\" height=\"225\" src=\"https:\/\/viviumdigitalawards.be\/wp-content\/uploads\/2026\/04\/erik-weekers.png\" class=\"attachment-full size-full wp-image-13329\" alt=\"erik weekers\" srcset=\"https:\/\/viviumdigitalawards.be\/wp-content\/uploads\/2026\/04\/erik-weekers.png 225w, https:\/\/viviumdigitalawards.be\/wp-content\/uploads\/2026\/04\/erik-weekers-150x150.png 150w\" sizes=\"(max-width: 225px) 100vw, 225px\" \/>\t\t\t\t\t\t\t\t\t\t\t\t\t\t\t<\/div>\n\t\t\t\t<div class=\"elementor-element elementor-element-62bb878 elementor-widget elementor-widget-text-editor\" data-id=\"62bb878\" data-element_type=\"widget\" data-e-type=\"widget\" data-widget_type=\"text-editor.default\">\n\t\t\t\t\t\t\t\t\t<h3>Erik Weekers<\/h3><p><span style=\"color: #ff9900;\">CEO<br \/><\/span><span style=\"color: #999999;\">FVF<\/span><\/p>\t\t\t\t\t\t\t\t<\/div>\n\t\t\t\t<\/div>\n\t\t<div class=\"elementor-element elementor-element-c20c4fb e-con-full e-flex e-con e-child\" data-id=\"c20c4fb\" data-element_type=\"container\" data-e-type=\"container\" data-settings=\"{&quot;background_background&quot;:&quot;classic&quot;}\">\n\t\t\t\t<div class=\"elementor-element elementor-element-98e129d elementor-widget elementor-widget-image\" data-id=\"98e129d\" data-element_type=\"widget\" data-e-type=\"widget\" data-widget_type=\"image.default\">\n\t\t\t\t\t\t\t\t\t\t\t\t\t\t\t<img decoding=\"async\" width=\"300\" height=\"184\" src=\"https:\/\/viviumdigitalawards.be\/wp-content\/uploads\/2025\/09\/Rectangle-23-3.jpg\" class=\"attachment-full size-full wp-image-439\" alt=\"Cauwert Patrick\" \/>\t\t\t\t\t\t\t\t\t\t\t\t\t\t\t<\/div>\n\t\t\t\t<div class=\"elementor-element elementor-element-02f15ce elementor-widget elementor-widget-text-editor\" data-id=\"02f15ce\" data-element_type=\"widget\" data-e-type=\"widget\" data-widget_type=\"text-editor.default\">\n\t\t\t\t\t\t\t\t\t<h3>Patrick Cauwert<\/h3><p><span style=\"color: #ff9900;\">CEO<\/span><br \/><span style=\"color: #999999;\">Feprabel<\/span><\/p>\t\t\t\t\t\t\t\t<\/div>\n\t\t\t\t<\/div>\n\t\t<div class=\"elementor-element elementor-element-5a41e78 e-con-full e-flex e-con e-child\" data-id=\"5a41e78\" data-element_type=\"container\" data-e-type=\"container\" data-settings=\"{&quot;background_background&quot;:&quot;classic&quot;}\">\n\t\t\t\t<div class=\"elementor-element elementor-element-cd00a12 elementor-widget elementor-widget-image\" data-id=\"cd00a12\" data-element_type=\"widget\" data-e-type=\"widget\" data-widget_type=\"image.default\">\n\t\t\t\t\t\t\t\t\t\t\t\t\t\t\t<img loading=\"lazy\" decoding=\"async\" width=\"225\" height=\"225\" src=\"https:\/\/viviumdigitalawards.be\/wp-content\/uploads\/2026\/03\/albert-verlinden-bzb-fedafin.webp\" class=\"attachment-full size-full wp-image-13051\" alt=\"\" srcset=\"https:\/\/viviumdigitalawards.be\/wp-content\/uploads\/2026\/03\/albert-verlinden-bzb-fedafin.webp 225w, https:\/\/viviumdigitalawards.be\/wp-content\/uploads\/2026\/03\/albert-verlinden-bzb-fedafin-150x150.webp 150w\" sizes=\"(max-width: 225px) 100vw, 225px\" \/>\t\t\t\t\t\t\t\t\t\t\t\t\t\t\t<\/div>\n\t\t\t\t<div class=\"elementor-element elementor-element-6d6415c elementor-widget elementor-widget-text-editor\" data-id=\"6d6415c\" data-element_type=\"widget\" data-e-type=\"widget\" data-widget_type=\"text-editor.default\">\n\t\t\t\t\t\t\t\t\t<h3>Albert Verlinden<\/h3><p><span style=\"color: #ff9900;\">CEO<\/span><br \/><span style=\"color: #999999;\">BZB-Fedafin<\/span><\/p>\t\t\t\t\t\t\t\t<\/div>\n\t\t\t\t<\/div>\n\t\t<div class=\"elementor-element elementor-element-73afb01 e-con-full e-flex e-con e-child\" data-id=\"73afb01\" data-element_type=\"container\" data-e-type=\"container\" data-settings=\"{&quot;background_background&quot;:&quot;classic&quot;}\">\n\t\t\t\t<div class=\"elementor-element elementor-element-a986066 elementor-widget elementor-widget-image\" data-id=\"a986066\" data-element_type=\"widget\" data-e-type=\"widget\" data-widget_type=\"image.default\">\n\t\t\t\t\t\t\t\t\t\t\t\t\t\t\t<img loading=\"lazy\" decoding=\"async\" width=\"225\" height=\"225\" src=\"https:\/\/viviumdigitalawards.be\/wp-content\/uploads\/2026\/03\/Valerie-Nolens-Becobra.jpg\" class=\"attachment-full size-full wp-image-12794\" alt=\"Valerie Nolens - Becobra\" srcset=\"https:\/\/viviumdigitalawards.be\/wp-content\/uploads\/2026\/03\/Valerie-Nolens-Becobra.jpg 225w, https:\/\/viviumdigitalawards.be\/wp-content\/uploads\/2026\/03\/Valerie-Nolens-Becobra-150x150.jpg 150w\" sizes=\"(max-width: 225px) 100vw, 225px\" \/>\t\t\t\t\t\t\t\t\t\t\t\t\t\t\t<\/div>\n\t\t\t\t<div class=\"elementor-element elementor-element-47d6659 elementor-widget elementor-widget-text-editor\" data-id=\"47d6659\" data-element_type=\"widget\" data-e-type=\"widget\" data-widget_type=\"text-editor.default\">\n\t\t\t\t\t\t\t\t\t<h3>Val\u00e9rie Nolens<\/h3><p><span style=\"color: #ff9900;\">CEO<\/span><br \/><span style=\"color: #999999;\">Becobra<\/span><\/p>\t\t\t\t\t\t\t\t<\/div>\n\t\t\t\t<\/div>\n\t\t<div class=\"elementor-element elementor-element-223e2a4 e-con-full e-flex e-con e-child\" data-id=\"223e2a4\" data-element_type=\"container\" data-e-type=\"container\" data-settings=\"{&quot;background_background&quot;:&quot;classic&quot;}\">\n\t\t\t\t<div class=\"elementor-element elementor-element-2bc9410 elementor-widget elementor-widget-image\" data-id=\"2bc9410\" data-element_type=\"widget\" data-e-type=\"widget\" data-widget_type=\"image.default\">\n\t\t\t\t\t\t\t\t\t\t\t\t\t\t\t<img loading=\"lazy\" decoding=\"async\" width=\"300\" height=\"184\" src=\"https:\/\/viviumdigitalawards.be\/wp-content\/uploads\/2025\/09\/Rectangle-23-1-1.jpg\" class=\"attachment-full size-full wp-image-437\" alt=\"Wouters Leen\" \/>\t\t\t\t\t\t\t\t\t\t\t\t\t\t\t<\/div>\n\t\t\t\t<div class=\"elementor-element elementor-element-d8d46f5 elementor-widget elementor-widget-text-editor\" data-id=\"d8d46f5\" data-element_type=\"widget\" data-e-type=\"widget\" data-widget_type=\"text-editor.default\">\n\t\t\t\t\t\t\t\t\t<h3>Leen Wouters<\/h3><p><span style=\"color: #ff9900;\">Enseignant en Assurances<\/span><br \/><span style=\"color: #999999;\">KdG (Karel de Grote Hogeschool)<\/span><\/p>\t\t\t\t\t\t\t\t<\/div>\n\t\t\t\t<\/div>\n\t\t<div class=\"elementor-element elementor-element-5e1ee8e e-con-full e-flex e-con e-child\" data-id=\"5e1ee8e\" data-element_type=\"container\" data-e-type=\"container\" data-settings=\"{&quot;background_background&quot;:&quot;classic&quot;}\">\n\t\t\t\t<div class=\"elementor-element elementor-element-89c50a9 elementor-widget elementor-widget-image\" data-id=\"89c50a9\" data-element_type=\"widget\" data-e-type=\"widget\" data-widget_type=\"image.default\">\n\t\t\t\t\t\t\t\t\t\t\t\t\t\t\t<img loading=\"lazy\" decoding=\"async\" width=\"225\" height=\"225\" src=\"https:\/\/viviumdigitalawards.be\/wp-content\/uploads\/2026\/04\/veerle-wanzeele-howest.webp\" class=\"attachment-full size-full wp-image-13373\" alt=\"veerle wanzeele howest\" srcset=\"https:\/\/viviumdigitalawards.be\/wp-content\/uploads\/2026\/04\/veerle-wanzeele-howest.webp 225w, https:\/\/viviumdigitalawards.be\/wp-content\/uploads\/2026\/04\/veerle-wanzeele-howest-150x150.webp 150w\" sizes=\"(max-width: 225px) 100vw, 225px\" \/>\t\t\t\t\t\t\t\t\t\t\t\t\t\t\t<\/div>\n\t\t\t\t<div class=\"elementor-element elementor-element-d29aad2 elementor-widget elementor-widget-text-editor\" data-id=\"d29aad2\" data-element_type=\"widget\" data-e-type=\"widget\" data-widget_type=\"text-editor.default\">\n\t\t\t\t\t\t\t\t\t<h3>Veerle Wanzeele<\/h3><p><span style=\"color: #ff9900;\">Enseignante en Finance et Assurancess<\/span><br \/><span style=\"color: #999999;\">Howest<\/span><\/p>\t\t\t\t\t\t\t\t<\/div>\n\t\t\t\t<\/div>\n\t\t\t\t<\/div>\n\t\t\t\t<\/div>\n\t\t\t\t\t<\/div>\n\t\t\t\t<\/div>\n\t\t<div class=\"elementor-element elementor-element-7fbd752 e-flex e-con-boxed e-con e-parent\" data-id=\"7fbd752\" data-element_type=\"container\" data-e-type=\"container\" data-settings=\"{&quot;background_background&quot;:&quot;classic&quot;}\">\n\t\t\t\t\t<div class=\"e-con-inner\">\n\t\t\t\t<div class=\"elementor-element elementor-element-c35dcd9 elementor-widget elementor-widget-heading\" data-id=\"c35dcd9\" data-element_type=\"widget\" data-e-type=\"widget\" data-widget_type=\"heading.default\">\n\t\t\t\t\t<h2 class=\"elementor-heading-title elementor-size-default\">En savoir plus sur les Vivium Digital Awards ?<\/h2>\t\t\t\t<\/div>\n\t\t<div class=\"elementor-element elementor-element-0750fc2 e-con-full e-flex e-con e-child\" data-id=\"0750fc2\" data-element_type=\"container\" data-e-type=\"container\">\n\t\t\t\t<div class=\"elementor-element elementor-element-7882ec2 elementor-align-center elementor-widget elementor-widget-button\" data-id=\"7882ec2\" data-element_type=\"widget\" data-e-type=\"widget\" data-widget_type=\"button.default\">\n\t\t\t\t\t\t\t\t\t\t<a class=\"elementor-button elementor-button-link elementor-size-sm elementor-animation-sink\" href=\"https:\/\/viviumdigitalawards.be\/fr\/a-propos-de-nous\/\">\n\t\t\t\t\t\t<span class=\"elementor-button-content-wrapper\">\n\t\t\t\t\t\t<span class=\"elementor-button-icon\">\n\t\t\t\t<svg aria-hidden=\"true\" class=\"e-font-icon-svg e-fas-arrow-right\" viewBox=\"0 0 448 512\" xmlns=\"http:\/\/www.w3.org\/2000\/svg\"><path d=\"M190.5 66.9l22.2-22.2c9.4-9.4 24.6-9.4 33.9 0L441 239c9.4 9.4 9.4 24.6 0 33.9L246.6 467.3c-9.4 9.4-24.6 9.4-33.9 0l-22.2-22.2c-9.5-9.5-9.3-25 .4-34.3L311.4 296H24c-13.3 0-24-10.7-24-24v-32c0-13.3 10.7-24 24-24h287.4L190.9 101.2c-9.8-9.3-10-24.8-.4-34.3z\"><\/path><\/svg>\t\t\t<\/span>\n\t\t\t\t\t\t\t\t\t<span class=\"elementor-button-text\">Retour \u00e0 \u00c0 propos des VDA<\/span>\n\t\t\t\t\t<\/span>\n\t\t\t\t\t<\/a>\n\t\t\t\t\t\t\t\t<\/div>\n\t\t\t\t<div class=\"elementor-element elementor-element-6ff29b5 elementor-align-center elementor-widget elementor-widget-button\" data-id=\"6ff29b5\" data-element_type=\"widget\" data-e-type=\"widget\" data-widget_type=\"button.default\">\n\t\t\t\t\t\t\t\t\t\t<a class=\"elementor-button elementor-button-link elementor-size-sm elementor-animation-sink\" href=\"https:\/\/viviumdigitalawards.be\/fr\/a-propos-de-nous\/partenaires\/\">\n\t\t\t\t\t\t<span class=\"elementor-button-content-wrapper\">\n\t\t\t\t\t\t<span class=\"elementor-button-icon\">\n\t\t\t\t<svg aria-hidden=\"true\" class=\"e-font-icon-svg e-fas-arrow-right\" viewBox=\"0 0 448 512\" xmlns=\"http:\/\/www.w3.org\/2000\/svg\"><path d=\"M190.5 66.9l22.2-22.2c9.4-9.4 24.6-9.4 33.9 0L441 239c9.4 9.4 9.4 24.6 0 33.9L246.6 467.3c-9.4 9.4-24.6 9.4-33.9 0l-22.2-22.2c-9.5-9.5-9.3-25 .4-34.3L311.4 296H24c-13.3 0-24-10.7-24-24v-32c0-13.3 10.7-24 24-24h287.4L190.9 101.2c-9.8-9.3-10-24.8-.4-34.3z\"><\/path><\/svg>\t\t\t<\/span>\n\t\t\t\t\t\t\t\t\t<span class=\"elementor-button-text\">Voir tous les partenaires<\/span>\n\t\t\t\t\t<\/span>\n\t\t\t\t\t<\/a>\n\t\t\t\t\t\t\t\t<\/div>\n\t\t\t\t<\/div>\n\t\t\t\t\t<\/div>\n\t\t\t\t<\/div>\n\t\t\t\t<\/div>\n\t\t","protected":false},"excerpt":{"rendered":"<p>Le jury Les candidatures aux Vivium Digital Awards sont \u00e9valu\u00e9es chaque ann\u00e9e par un jury ind\u00e9pendant d\u2019experts. Ils repr\u00e9sentent les principales f\u00e9d\u00e9rations du courtage belge et apportent une large expertise sectorielle. Cela garantit une \u00e9valuation pertinente, objective et reconnue par le secteur. Jury 2026 Rapha\u00ebl Vannitsen Chief Channel OfficerVivium Erik Weekers CEOFVF Patrick Cauwert CEOFeprabel [&hellip;]<\/p>\n","protected":false},"author":10,"featured_media":0,"parent":490,"menu_order":0,"comment_status":"closed","ping_status":"closed","template":"","meta":{"footnotes":""},"class_list":["post-13050","page","type-page","status-publish","hentry"],"yoast_head":"<!-- This site is optimized with the Yoast SEO plugin v27.5 - https:\/\/yoast.com\/product\/yoast-seo-wordpress\/ -->\n<title>Jury Vivium Digital Awards 2026<\/title>\n<meta name=\"description\" content=\"D\u00e9couvrez le jury ind\u00e9pendant des Vivium Digital Awards 2026. Des experts issus des principales f\u00e9d\u00e9rations de courtiers en Belgique \u00e9valuent les candidatures.\" \/>\n<meta name=\"robots\" content=\"index, follow, max-snippet:-1, max-image-preview:large, max-video-preview:-1\" \/>\n<link rel=\"canonical\" href=\"https:\/\/viviumdigitalawards.be\/fr\/a-propos-de-nous\/jury\/\" \/>\n<meta property=\"og:locale\" content=\"fr_FR\" \/>\n<meta property=\"og:type\" content=\"article\" \/>\n<meta property=\"og:title\" content=\"Jury Vivium Digital Awards 2026\" \/>\n<meta property=\"og:description\" content=\"D\u00e9couvrez le jury ind\u00e9pendant des Vivium Digital Awards 2026. Des experts issus des principales f\u00e9d\u00e9rations de courtiers en Belgique \u00e9valuent les candidatures.\" \/>\n<meta property=\"og:url\" content=\"https:\/\/viviumdigitalawards.be\/fr\/a-propos-de-nous\/jury\/\" \/>\n<meta property=\"og:site_name\" content=\"Vivium Digital Awards\" \/>\n<meta property=\"article:modified_time\" content=\"2026-04-27T08:24:39+00:00\" \/>\n<meta property=\"og:image\" content=\"http:\/\/viviumdigitalawards.be\/wp-content\/uploads\/2025\/09\/Raphael-Vannitsen.jpg\" \/>\n<meta name=\"twitter:card\" content=\"summary_large_image\" \/>\n<meta name=\"twitter:label1\" content=\"Dur\u00e9e de lecture estim\u00e9e\" \/>\n\t<meta name=\"twitter:data1\" content=\"1 minute\" \/>\n<script type=\"application\/ld+json\" class=\"yoast-schema-graph\">{\"@context\":\"https:\\\/\\\/schema.org\",\"@graph\":[{\"@type\":\"WebPage\",\"@id\":\"https:\\\/\\\/viviumdigitalawards.be\\\/fr\\\/a-propos-de-nous\\\/jury\\\/\",\"url\":\"https:\\\/\\\/viviumdigitalawards.be\\\/fr\\\/a-propos-de-nous\\\/jury\\\/\",\"name\":\"Jury Vivium Digital Awards 2026\",\"isPartOf\":{\"@id\":\"https:\\\/\\\/viviumdigitalawards.be\\\/fr\\\/#website\"},\"primaryImageOfPage\":{\"@id\":\"https:\\\/\\\/viviumdigitalawards.be\\\/fr\\\/a-propos-de-nous\\\/jury\\\/#primaryimage\"},\"image\":{\"@id\":\"https:\\\/\\\/viviumdigitalawards.be\\\/fr\\\/a-propos-de-nous\\\/jury\\\/#primaryimage\"},\"thumbnailUrl\":\"http:\\\/\\\/viviumdigitalawards.be\\\/wp-content\\\/uploads\\\/2025\\\/09\\\/Raphael-Vannitsen.jpg\",\"datePublished\":\"2026-03-13T18:18:01+00:00\",\"dateModified\":\"2026-04-27T08:24:39+00:00\",\"description\":\"D\u00e9couvrez le jury ind\u00e9pendant des Vivium Digital Awards 2026. Des experts issus des principales f\u00e9d\u00e9rations de courtiers en Belgique \u00e9valuent les candidatures.\",\"breadcrumb\":{\"@id\":\"https:\\\/\\\/viviumdigitalawards.be\\\/fr\\\/a-propos-de-nous\\\/jury\\\/#breadcrumb\"},\"inLanguage\":\"fr-FR\",\"potentialAction\":[{\"@type\":\"ReadAction\",\"target\":[\"https:\\\/\\\/viviumdigitalawards.be\\\/fr\\\/a-propos-de-nous\\\/jury\\\/\"]}]},{\"@type\":\"ImageObject\",\"inLanguage\":\"fr-FR\",\"@id\":\"https:\\\/\\\/viviumdigitalawards.be\\\/fr\\\/a-propos-de-nous\\\/jury\\\/#primaryimage\",\"url\":\"http:\\\/\\\/viviumdigitalawards.be\\\/wp-content\\\/uploads\\\/2025\\\/09\\\/Raphael-Vannitsen.jpg\",\"contentUrl\":\"http:\\\/\\\/viviumdigitalawards.be\\\/wp-content\\\/uploads\\\/2025\\\/09\\\/Raphael-Vannitsen.jpg\"},{\"@type\":\"BreadcrumbList\",\"@id\":\"https:\\\/\\\/viviumdigitalawards.be\\\/fr\\\/a-propos-de-nous\\\/jury\\\/#breadcrumb\",\"itemListElement\":[{\"@type\":\"ListItem\",\"position\":1,\"name\":\"Home\",\"item\":\"https:\\\/\\\/viviumdigitalawards.be\\\/fr\\\/\"},{\"@type\":\"ListItem\",\"position\":2,\"name\":\"\u00c0 propos des VDA\",\"item\":\"https:\\\/\\\/viviumdigitalawards.be\\\/fr\\\/a-propos-de-nous\\\/\"},{\"@type\":\"ListItem\",\"position\":3,\"name\":\"Jury\"}]},{\"@type\":\"WebSite\",\"@id\":\"https:\\\/\\\/viviumdigitalawards.be\\\/fr\\\/#website\",\"url\":\"https:\\\/\\\/viviumdigitalawards.be\\\/fr\\\/\",\"name\":\"Vivium Digital Awards\",\"description\":\"\",\"publisher\":{\"@id\":\"https:\\\/\\\/viviumdigitalawards.be\\\/fr\\\/#organization\"},\"potentialAction\":[{\"@type\":\"SearchAction\",\"target\":{\"@type\":\"EntryPoint\",\"urlTemplate\":\"https:\\\/\\\/viviumdigitalawards.be\\\/fr\\\/?s={search_term_string}\"},\"query-input\":{\"@type\":\"PropertyValueSpecification\",\"valueRequired\":true,\"valueName\":\"search_term_string\"}}],\"inLanguage\":\"fr-FR\"},{\"@type\":\"Organization\",\"@id\":\"https:\\\/\\\/viviumdigitalawards.be\\\/fr\\\/#organization\",\"name\":\"Vivium Digital Awards\",\"url\":\"https:\\\/\\\/viviumdigitalawards.be\\\/fr\\\/\",\"logo\":{\"@type\":\"ImageObject\",\"inLanguage\":\"fr-FR\",\"@id\":\"https:\\\/\\\/viviumdigitalawards.be\\\/fr\\\/#\\\/schema\\\/logo\\\/image\\\/\",\"url\":\"https:\\\/\\\/viviumdigitalawards.be\\\/wp-content\\\/uploads\\\/2025\\\/09\\\/logoVDA_horizontaal-white.png\",\"contentUrl\":\"https:\\\/\\\/viviumdigitalawards.be\\\/wp-content\\\/uploads\\\/2025\\\/09\\\/logoVDA_horizontaal-white.png\",\"width\":2538,\"height\":858,\"caption\":\"Vivium Digital Awards\"},\"image\":{\"@id\":\"https:\\\/\\\/viviumdigitalawards.be\\\/fr\\\/#\\\/schema\\\/logo\\\/image\\\/\"}}]}<\/script>\n<!-- \/ Yoast SEO plugin. -->","yoast_head_json":{"title":"Jury Vivium Digital Awards 2026","description":"D\u00e9couvrez le jury ind\u00e9pendant des Vivium Digital Awards 2026. Des experts issus des principales f\u00e9d\u00e9rations de courtiers en Belgique \u00e9valuent les candidatures.","robots":{"index":"index","follow":"follow","max-snippet":"max-snippet:-1","max-image-preview":"max-image-preview:large","max-video-preview":"max-video-preview:-1"},"canonical":"https:\/\/viviumdigitalawards.be\/fr\/a-propos-de-nous\/jury\/","og_locale":"fr_FR","og_type":"article","og_title":"Jury Vivium Digital Awards 2026","og_description":"D\u00e9couvrez le jury ind\u00e9pendant des Vivium Digital Awards 2026. Des experts issus des principales f\u00e9d\u00e9rations de courtiers en Belgique \u00e9valuent les candidatures.","og_url":"https:\/\/viviumdigitalawards.be\/fr\/a-propos-de-nous\/jury\/","og_site_name":"Vivium Digital Awards","article_modified_time":"2026-04-27T08:24:39+00:00","og_image":[{"url":"http:\/\/viviumdigitalawards.be\/wp-content\/uploads\/2025\/09\/Raphael-Vannitsen.jpg","type":"","width":"","height":""}],"twitter_card":"summary_large_image","twitter_misc":{"Dur\u00e9e de lecture estim\u00e9e":"1 minute"},"schema":{"@context":"https:\/\/schema.org","@graph":[{"@type":"WebPage","@id":"https:\/\/viviumdigitalawards.be\/fr\/a-propos-de-nous\/jury\/","url":"https:\/\/viviumdigitalawards.be\/fr\/a-propos-de-nous\/jury\/","name":"Jury Vivium Digital Awards 2026","isPartOf":{"@id":"https:\/\/viviumdigitalawards.be\/fr\/#website"},"primaryImageOfPage":{"@id":"https:\/\/viviumdigitalawards.be\/fr\/a-propos-de-nous\/jury\/#primaryimage"},"image":{"@id":"https:\/\/viviumdigitalawards.be\/fr\/a-propos-de-nous\/jury\/#primaryimage"},"thumbnailUrl":"http:\/\/viviumdigitalawards.be\/wp-content\/uploads\/2025\/09\/Raphael-Vannitsen.jpg","datePublished":"2026-03-13T18:18:01+00:00","dateModified":"2026-04-27T08:24:39+00:00","description":"D\u00e9couvrez le jury ind\u00e9pendant des Vivium Digital Awards 2026. Des experts issus des principales f\u00e9d\u00e9rations de courtiers en Belgique \u00e9valuent les candidatures.","breadcrumb":{"@id":"https:\/\/viviumdigitalawards.be\/fr\/a-propos-de-nous\/jury\/#breadcrumb"},"inLanguage":"fr-FR","potentialAction":[{"@type":"ReadAction","target":["https:\/\/viviumdigitalawards.be\/fr\/a-propos-de-nous\/jury\/"]}]},{"@type":"ImageObject","inLanguage":"fr-FR","@id":"https:\/\/viviumdigitalawards.be\/fr\/a-propos-de-nous\/jury\/#primaryimage","url":"http:\/\/viviumdigitalawards.be\/wp-content\/uploads\/2025\/09\/Raphael-Vannitsen.jpg","contentUrl":"http:\/\/viviumdigitalawards.be\/wp-content\/uploads\/2025\/09\/Raphael-Vannitsen.jpg"},{"@type":"BreadcrumbList","@id":"https:\/\/viviumdigitalawards.be\/fr\/a-propos-de-nous\/jury\/#breadcrumb","itemListElement":[{"@type":"ListItem","position":1,"name":"Home","item":"https:\/\/viviumdigitalawards.be\/fr\/"},{"@type":"ListItem","position":2,"name":"\u00c0 propos des VDA","item":"https:\/\/viviumdigitalawards.be\/fr\/a-propos-de-nous\/"},{"@type":"ListItem","position":3,"name":"Jury"}]},{"@type":"WebSite","@id":"https:\/\/viviumdigitalawards.be\/fr\/#website","url":"https:\/\/viviumdigitalawards.be\/fr\/","name":"Vivium Digital Awards","description":"","publisher":{"@id":"https:\/\/viviumdigitalawards.be\/fr\/#organization"},"potentialAction":[{"@type":"SearchAction","target":{"@type":"EntryPoint","urlTemplate":"https:\/\/viviumdigitalawards.be\/fr\/?s={search_term_string}"},"query-input":{"@type":"PropertyValueSpecification","valueRequired":true,"valueName":"search_term_string"}}],"inLanguage":"fr-FR"},{"@type":"Organization","@id":"https:\/\/viviumdigitalawards.be\/fr\/#organization","name":"Vivium Digital Awards","url":"https:\/\/viviumdigitalawards.be\/fr\/","logo":{"@type":"ImageObject","inLanguage":"fr-FR","@id":"https:\/\/viviumdigitalawards.be\/fr\/#\/schema\/logo\/image\/","url":"https:\/\/viviumdigitalawards.be\/wp-content\/uploads\/2025\/09\/logoVDA_horizontaal-white.png","contentUrl":"https:\/\/viviumdigitalawards.be\/wp-content\/uploads\/2025\/09\/logoVDA_horizontaal-white.png","width":2538,"height":858,"caption":"Vivium Digital Awards"},"image":{"@id":"https:\/\/viviumdigitalawards.be\/fr\/#\/schema\/logo\/image\/"}}]}},"_links":{"self":[{"href":"https:\/\/viviumdigitalawards.be\/fr\/wp-json\/wp\/v2\/pages\/13050","targetHints":{"allow":["GET"]}}],"collection":[{"href":"https:\/\/viviumdigitalawards.be\/fr\/wp-json\/wp\/v2\/pages"}],"about":[{"href":"https:\/\/viviumdigitalawards.be\/fr\/wp-json\/wp\/v2\/types\/page"}],"author":[{"embeddable":true,"href":"https:\/\/viviumdigitalawards.be\/fr\/wp-json\/wp\/v2\/users\/10"}],"replies":[{"embeddable":true,"href":"https:\/\/viviumdigitalawards.be\/fr\/wp-json\/wp\/v2\/comments?post=13050"}],"version-history":[{"count":23,"href":"https:\/\/viviumdigitalawards.be\/fr\/wp-json\/wp\/v2\/pages\/13050\/revisions"}],"predecessor-version":[{"id":13376,"href":"https:\/\/viviumdigitalawards.be\/fr\/wp-json\/wp\/v2\/pages\/13050\/revisions\/13376"}],"up":[{"embeddable":true,"href":"https:\/\/viviumdigitalawards.be\/fr\/wp-json\/wp\/v2\/pages\/490"}],"wp:attachment":[{"href":"https:\/\/viviumdigitalawards.be\/fr\/wp-json\/wp\/v2\/media?parent=13050"}],"curies":[{"name":"wp","href":"https:\/\/api.w.org\/{rel}","templated":true}]}}